{"id":153,"date":"2021-09-09T08:22:28","date_gmt":"2021-09-09T12:22:28","guid":{"rendered":"https:\/\/parkaccessforall.ca\/?page_id=153"},"modified":"2022-07-07T12:35:08","modified_gmt":"2022-07-07T19:35:08","slug":"quoi-de-neuf","status":"publish","type":"page","link":"https:\/\/parkaccessforall.ca\/fr\/quoi-de-neuf\/","title":{"rendered":"Sites de la recherche"},"content":{"rendered":"\n<div class=\"wp-block-query is-layout-flow wp-block-query-is-layout-flow\"><ul class=\"wp-block-post-template is-layout-flow wp-block-post-template-is-layout-flow\"><li class=\"wp-block-post post-139 post type-post status-publish format-standard has-post-thumbnail hentry category-news-fr entry\">\n\n<div class=\"wp-block-columns are-vertically-aligned-center is-layout-flex wp-container-core-columns-is-layout-9d6595d7 wp-block-columns-is-layout-flex\">\n<div class=\"wp-block-column is-vertically-aligned-center is-layout-flow wp-block-column-is-layout-flow\" style=\"flex-basis:25%\"><\/div>\n\n\n\n<div class=\"wp-block-column is-vertically-aligned-center is-layout-flow wp-block-column-is-layout-flow\" style=\"flex-basis:75%\"><\/div>\n<\/div>\n\n<\/li><\/ul><\/div>\n\n\n\n<p>Ce projet se d\u00e9roule dans deux provinces (Colombie-Britannique et Qu\u00e9bec) et dans trois parcs de chaque province. Les parcs inclus dans notre \u00e9tude pour chaque province sont \u00e9num\u00e9r\u00e9s ci-dessous :<\/p>\n\n\n\n<h2 class=\"wp-block-heading\">Colombie-Britannique<\/h2>\n\n\n\n<div class=\"wp-block-columns is-layout-flex wp-container-core-columns-is-layout-9d6595d7 wp-block-columns-is-layout-flex\">\n<div class=\"wp-block-column is-layout-flow wp-block-column-is-layout-flow\" style=\"flex-basis:100%\">\n<figure class=\"wp-block-gallery has-nested-images columns-default is-cropped wp-block-gallery-1 is-layout-flex wp-block-gallery-is-layout-flex\">\n<figure class=\"wp-block-image size-large\"><a href=\"http:\/\/www.metrovancouver.org\/services\/parks\/parks-greenways-reserves\/boundary-bay-regional-park\"><img loading=\"lazy\" decoding=\"async\" width=\"402\" height=\"482\" data-id=\"633\" src=\"https:\/\/parkaccessforall.ca\/wp-content\/uploads\/2022\/07\/Capture-de\u0301cran-le-2022-07-07-a\u0300-15.30.18.png\" alt=\"\" class=\"wp-image-633\" srcset=\"https:\/\/parkaccessforall.ca\/wp-content\/uploads\/2022\/07\/Capture-de\u0301cran-le-2022-07-07-a\u0300-15.30.18.png 402w, https:\/\/parkaccessforall.ca\/wp-content\/uploads\/2022\/07\/Capture-de\u0301cran-le-2022-07-07-a\u0300-15.30.18-250x300.png 250w\" sizes=\"auto, (max-width: 402px) 100vw, 402px\" \/><\/a><figcaption>Boundary Bay<\/figcaption><\/figure>\n\n\n\n<figure class=\"wp-block-image size-large\"><a href=\"http:\/\/www.metrovancouver.org\/services\/parks\/parks-greenways-reserves\/grouse-mountain-regional-park\"><img loading=\"lazy\" decoding=\"async\" width=\"402\" height=\"486\" data-id=\"631\" src=\"https:\/\/parkaccessforall.ca\/wp-content\/uploads\/2022\/07\/Capture-de\u0301cran-le-2022-07-07-a\u0300-15.30.25.png\" alt=\"\" class=\"wp-image-631\" srcset=\"https:\/\/parkaccessforall.ca\/wp-content\/uploads\/2022\/07\/Capture-de\u0301cran-le-2022-07-07-a\u0300-15.30.25.png 402w, https:\/\/parkaccessforall.ca\/wp-content\/uploads\/2022\/07\/Capture-de\u0301cran-le-2022-07-07-a\u0300-15.30.25-248x300.png 248w\" sizes=\"auto, (max-width: 402px) 100vw, 402px\" \/><\/a><figcaption>Grouse Mountain<\/figcaption><\/figure>\n\n\n\n<figure class=\"wp-block-image size-large\"><a href=\"http:\/\/www.metrovancouver.org\/services\/parks\/parks-greenways-reserves\/deas-island-regional-park\"><img loading=\"lazy\" decoding=\"async\" width=\"398\" height=\"484\" data-id=\"635\" src=\"https:\/\/parkaccessforall.ca\/wp-content\/uploads\/2022\/07\/Capture-de\u0301cran-le-2022-07-07-a\u0300-15.30.34.png\" alt=\"\" class=\"wp-image-635\" srcset=\"https:\/\/parkaccessforall.ca\/wp-content\/uploads\/2022\/07\/Capture-de\u0301cran-le-2022-07-07-a\u0300-15.30.34.png 398w, https:\/\/parkaccessforall.ca\/wp-content\/uploads\/2022\/07\/Capture-de\u0301cran-le-2022-07-07-a\u0300-15.30.34-247x300.png 247w\" sizes=\"auto, (max-width: 398px) 100vw, 398px\" \/><\/a><figcaption>Deas Island<\/figcaption><\/figure>\n<\/figure>\n<\/div>\n<\/div>\n\n\n\n<h2 class=\"wp-block-heading\">Qu\u00e9bec<\/h2>\n\n\n\n<div class=\"wp-block-columns is-layout-flex wp-container-core-columns-is-layout-9d6595d7 wp-block-columns-is-layout-flex\">\n<div class=\"wp-block-column is-layout-flow wp-block-column-is-layout-flow\" style=\"flex-basis:100%\">\n<figure class=\"wp-block-gallery has-nested-images columns-default is-cropped wp-block-gallery-2 is-layout-flex wp-block-gallery-is-layout-flex\">\n<figure class=\"wp-block-image size-large\"><a href=\"https:\/\/www.foretmontmorency.ca\/fr\/\"><img loading=\"lazy\" decoding=\"async\" width=\"404\" height=\"488\" data-id=\"643\" src=\"https:\/\/parkaccessforall.ca\/wp-content\/uploads\/2022\/07\/Capture-de\u0301cran-le-2022-07-07-a\u0300-15.31.55.png\" alt=\"\" class=\"wp-image-643\" srcset=\"https:\/\/parkaccessforall.ca\/wp-content\/uploads\/2022\/07\/Capture-de\u0301cran-le-2022-07-07-a\u0300-15.31.55.png 404w, https:\/\/parkaccessforall.ca\/wp-content\/uploads\/2022\/07\/Capture-de\u0301cran-le-2022-07-07-a\u0300-15.31.55-248x300.png 248w\" sizes=\"auto, (max-width: 404px) 100vw, 404px\" \/><\/a><figcaption>For\u00eat Montmorency<\/figcaption><\/figure>\n\n\n\n<figure class=\"wp-block-image size-large\"><a href=\"https:\/\/www.ccbn-nbc.gc.ca\/\"><img loading=\"lazy\" decoding=\"async\" width=\"400\" height=\"486\" data-id=\"640\" src=\"https:\/\/parkaccessforall.ca\/wp-content\/uploads\/2022\/07\/Capture-de\u0301cran-le-2022-07-07-a\u0300-15.32.02.png\" alt=\"\" class=\"wp-image-640\" srcset=\"https:\/\/parkaccessforall.ca\/wp-content\/uploads\/2022\/07\/Capture-de\u0301cran-le-2022-07-07-a\u0300-15.32.02.png 400w, https:\/\/parkaccessforall.ca\/wp-content\/uploads\/2022\/07\/Capture-de\u0301cran-le-2022-07-07-a\u0300-15.32.02-247x300.png 247w\" sizes=\"auto, (max-width: 400px) 100vw, 400px\" \/><\/a><figcaption>Plaines d&rsquo;Abraham<\/figcaption><\/figure>\n\n\n\n<figure class=\"wp-block-image size-large\"><a href=\"https:\/\/www.sepaq.com\/pq\/jac\/\"><img loading=\"lazy\" decoding=\"async\" width=\"400\" height=\"482\" data-id=\"641\" src=\"https:\/\/parkaccessforall.ca\/wp-content\/uploads\/2022\/07\/Capture-de\u0301cran-le-2022-07-07-a\u0300-15.32.09.png\" alt=\"\" class=\"wp-image-641\" srcset=\"https:\/\/parkaccessforall.ca\/wp-content\/uploads\/2022\/07\/Capture-de\u0301cran-le-2022-07-07-a\u0300-15.32.09.png 400w, https:\/\/parkaccessforall.ca\/wp-content\/uploads\/2022\/07\/Capture-de\u0301cran-le-2022-07-07-a\u0300-15.32.09-249x300.png 249w\" sizes=\"auto, (max-width: 400px) 100vw, 400px\" \/><\/a><figcaption>Parc national de la Jacques-Cartier<\/figcaption><\/figure>\n<\/figure>\n<\/div>\n<\/div>\n","protected":false},"excerpt":{"rendered":"<p>Ce projet se d\u00e9roule dans deux provinces (Colombie-Britannique et Qu\u00e9bec) et dans trois parcs de chaque province. Les parcs inclus dans notre \u00e9tude pour chaque province sont \u00e9num\u00e9r\u00e9s ci-dessous : Colombie-Britannique Qu\u00e9bec<\/p>\n","protected":false},"author":1,"featured_media":0,"parent":0,"menu_order":0,"comment_status":"closed","ping_status":"closed","template":"","meta":{"footnotes":""},"class_list":["post-153","page","type-page","status-publish","hentry","entry"],"_links":{"self":[{"href":"https:\/\/parkaccessforall.ca\/fr\/wp-json\/wp\/v2\/pages\/153","targetHints":{"allow":["GET"]}}],"collection":[{"href":"https:\/\/parkaccessforall.ca\/fr\/wp-json\/wp\/v2\/pages"}],"about":[{"href":"https:\/\/parkaccessforall.ca\/fr\/wp-json\/wp\/v2\/types\/page"}],"author":[{"embeddable":true,"href":"https:\/\/parkaccessforall.ca\/fr\/wp-json\/wp\/v2\/users\/1"}],"replies":[{"embeddable":true,"href":"https:\/\/parkaccessforall.ca\/fr\/wp-json\/wp\/v2\/comments?post=153"}],"version-history":[{"count":12,"href":"https:\/\/parkaccessforall.ca\/fr\/wp-json\/wp\/v2\/pages\/153\/revisions"}],"predecessor-version":[{"id":652,"href":"https:\/\/parkaccessforall.ca\/fr\/wp-json\/wp\/v2\/pages\/153\/revisions\/652"}],"wp:attachment":[{"href":"https:\/\/parkaccessforall.ca\/fr\/wp-json\/wp\/v2\/media?parent=153"}],"curies":[{"name":"wp","href":"https:\/\/api.w.org\/{rel}","templated":true}]}}