{"id":56,"date":"2021-08-31T07:14:52","date_gmt":"2021-08-31T11:14:52","guid":{"rendered":"https:\/\/parkaccessforall.ca\/?page_id=56"},"modified":"2023-09-27T14:21:05","modified_gmt":"2023-09-27T21:21:05","slug":"accueil","status":"publish","type":"page","link":"https:\/\/parkaccessforall.ca\/fr\/","title":{"rendered":"Projet de recherche PARCOURS pour des parcs accessibles"},"content":{"rendered":"\n<p><em>Providing Accessible ReCreation Outdoors: User-driven Research on Standards<\/em> (PARCOURS) est un projet de recherche con\u00e7u pour \u00e9clairer les normes d&rsquo;accessibilit\u00e9 dans les parcs nationaux du Canada. Gr\u00e2ce \u00e0 une g\u00e9n\u00e9reuse subvention des Normes d&rsquo;accessibilit\u00e9 du Canada, nous demandons aux personnes ayant des incapacit\u00e9s de nous aider \u00e0 documenter les exp\u00e9riences qu&rsquo;elles vivent dans ces parcs.<\/p>\n\n\n\n<p>Nous vous encourageons \u00e0 en apprendre plus sur <a href=\"https:\/\/parkaccessforall.ca\/fr\/nos-projets\/\">notre recherche<\/a>, <a href=\"https:\/\/parkaccessforall.ca\/fr\/qui-nous-sommes\/\">qui nous sommes<\/a> et <a href=\"https:\/\/parkaccessforall.ca\/fr\/etre-implique\/\">comment s&rsquo;impliquer<\/a>. Si vous avez des questions ou des commentaires, n&rsquo;h\u00e9sitez pas \u00e0 <a href=\"https:\/\/parkaccessforall.ca\/fr\/nous-contacter\/\">nous contacter.<\/a> Notre rapport de recherche final est maintenant disponible au t\u00e9l\u00e9chargement en <a href=\"https:\/\/parkaccessforall.ca\/wp-content\/uploads\/2023\/09\/PARCOURS-Rapport-final-francais.pdf\">fran\u00e7ais<\/a> et en <a href=\"https:\/\/parkaccessforall.ca\/wp-content\/uploads\/2023\/09\/PARCOURS-Final-Report-English.pdf\">anglais<\/a>.<\/p>\n\n\n\n<figure class=\"wp-block-image size-large\"><img loading=\"lazy\" decoding=\"async\" width=\"1024\" height=\"767\" src=\"https:\/\/parkaccessforall.ca\/wp-content\/uploads\/2022\/07\/Capture-de\u0301cran-le-2022-07-07-a\u0300-08.26.32-1024x767.png\" alt=\"\" class=\"wp-image-588\" srcset=\"https:\/\/parkaccessforall.ca\/wp-content\/uploads\/2022\/07\/Capture-de\u0301cran-le-2022-07-07-a\u0300-08.26.32-1024x767.png 1024w, https:\/\/parkaccessforall.ca\/wp-content\/uploads\/2022\/07\/Capture-de\u0301cran-le-2022-07-07-a\u0300-08.26.32-300x225.png 300w, https:\/\/parkaccessforall.ca\/wp-content\/uploads\/2022\/07\/Capture-de\u0301cran-le-2022-07-07-a\u0300-08.26.32-768x575.png 768w, https:\/\/parkaccessforall.ca\/wp-content\/uploads\/2022\/07\/Capture-de\u0301cran-le-2022-07-07-a\u0300-08.26.32.png 1242w\" sizes=\"auto, (max-width: 1024px) 100vw, 1024px\" \/><figcaption class=\"wp-element-caption\">L&rsquo;\u00e9quipe de PARCOURS se pr\u00e9pare \u00e0 un entretien sur une plage de sable du parc r\u00e9gional de Boundary Bay. Deux membres de l&rsquo;\u00e9quipe sont debout et \u00e9coutent \u00e0 gauche tandis qu&rsquo;un autre membre de l&rsquo;\u00e9quipe, assis dans son fauteuil roulant, explique une partie de l&rsquo;entretien.<\/figcaption><\/figure>\n\n\n<p class=\"wp-block-site-tagline\">PARCOURS: Parks for all<\/p>\n\n\n<div class=\"wp-block-buttons is-layout-flex wp-block-buttons-is-layout-flex\"><\/div>\n\n\n\n<p><\/p>\n","protected":false},"excerpt":{"rendered":"<p>Providing Accessible ReCreation Outdoors: User-driven Research on Standards (PARCOURS) est un projet de recherche con\u00e7u pour \u00e9clairer les normes d&rsquo;accessibilit\u00e9 dans les parcs nationaux du Canada. Gr\u00e2ce \u00e0 une g\u00e9n\u00e9reuse subvention des Normes d&rsquo;accessibilit\u00e9 du Canada, nous demandons aux personnes ayant des incapacit\u00e9s de nous aider \u00e0 documenter les exp\u00e9riences qu&rsquo;elles vivent dans ces parcs.<a class=\"more-link\" href=\"https:\/\/parkaccessforall.ca\/fr\/\">Continue reading <span class=\"screen-reader-text\">\u00ab\u00a0Projet de recherche PARCOURS pour des parcs accessibles\u00a0\u00bb<\/span><\/a><\/p>\n","protected":false},"author":1,"featured_media":409,"parent":0,"menu_order":0,"comment_status":"closed","ping_status":"closed","template":"","meta":{"footnotes":""},"class_list":["post-56","page","type-page","status-publish","has-post-thumbnail","hentry","entry"],"_links":{"self":[{"href":"https:\/\/parkaccessforall.ca\/fr\/wp-json\/wp\/v2\/pages\/56","targetHints":{"allow":["GET"]}}],"collection":[{"href":"https:\/\/parkaccessforall.ca\/fr\/wp-json\/wp\/v2\/pages"}],"about":[{"href":"https:\/\/parkaccessforall.ca\/fr\/wp-json\/wp\/v2\/types\/page"}],"author":[{"embeddable":true,"href":"https:\/\/parkaccessforall.ca\/fr\/wp-json\/wp\/v2\/users\/1"}],"replies":[{"embeddable":true,"href":"https:\/\/parkaccessforall.ca\/fr\/wp-json\/wp\/v2\/comments?post=56"}],"version-history":[{"count":20,"href":"https:\/\/parkaccessforall.ca\/fr\/wp-json\/wp\/v2\/pages\/56\/revisions"}],"predecessor-version":[{"id":917,"href":"https:\/\/parkaccessforall.ca\/fr\/wp-json\/wp\/v2\/pages\/56\/revisions\/917"}],"wp:featuredmedia":[{"embeddable":true,"href":"https:\/\/parkaccessforall.ca\/fr\/wp-json\/wp\/v2\/media\/409"}],"wp:attachment":[{"href":"https:\/\/parkaccessforall.ca\/fr\/wp-json\/wp\/v2\/media?parent=56"}],"curies":[{"name":"wp","href":"https:\/\/api.w.org\/{rel}","templated":true}]}}