{"id":662,"date":"2022-07-08T05:28:11","date_gmt":"2022-07-08T12:28:11","guid":{"rendered":"https:\/\/parkaccessforall.ca\/?page_id=662"},"modified":"2023-09-27T14:27:41","modified_gmt":"2023-09-27T21:27:41","slug":"pourquoi-faire-cette-recherche","status":"publish","type":"page","link":"https:\/\/parkaccessforall.ca\/fr\/pourquoi-faire-cette-recherche\/","title":{"rendered":"Pourquoi faire cette recherche ?"},"content":{"rendered":"\n<p>L&rsquo;objectif primordial de ce projet participatif est de rendre les parcs plus accessibles en am\u00e9liorant les normes d&rsquo;accessibilit\u00e9, ce qui est l&rsquo;un des domaines prioritaires pour 2020 \u00e0 2021 du programme de subventions et de contributions des Normes d&rsquo;accessibilit\u00e9 du Canada.&nbsp;<\/p>\n\n\n\n<h2 class=\"wp-block-heading\">Objectifs<\/h2>\n\n\n\n<ol class=\"wp-block-list\">\n<li>Identifier, examiner et synth\u00e9tiser les normes nationales et internationales actuelles d&rsquo;accessibilit\u00e9 aux parcs en tenant compte de l&rsquo;exp\u00e9rience v\u00e9cue par les personnes ayant des incapacit\u00e9s (en comparant\/groupant les caract\u00e9ristiques communes \u00e0 diff\u00e9rentes juridictions) ;&nbsp;<\/li>\n\n\n\n<li>\u00c9valuer des parcs repr\u00e9sentatifs de diff\u00e9rentes typographies (p. ex., bord de l&rsquo;eau, montagneux, plaines) en fonction de leurs caract\u00e9ristiques par rapport aux normes existantes et potentielles (p. ex., pente du sentier, pente transversale du sentier, type de surface du sentier, largeur du sentier, information disponible (cartes physiques et mat\u00e9riel en ligne), aires de stationnement, b\u00e2timents des parcs, programmes et services) ;<\/li>\n\n\n\n<li>Documenter les perspectives des personnes ayant diverses incapacit\u00e9s lorsqu&rsquo;elles visitent les parcs que nous avons \u00e9valu\u00e9s, afin qu&rsquo;elles puissent r\u00e9fl\u00e9chir \u00e0 leurs exp\u00e9riences par rapport aux normes existantes que nous avons identifi\u00e9es (par exemple, cartographie du voyage et r\u00e9flexions des participants) ;&nbsp;<\/li>\n\n\n\n<li>Collaborer avec les personnes ayant des incapacit\u00e9s et les sp\u00e9cialistes de l&rsquo;accessibilit\u00e9 pour recenser et classer par ordre de priorit\u00e9 les normes existantes et nouvelles qui devraient \u00eatre mises en \u0153uvre dans le cadre de la Loi sur l&rsquo;accessibilit\u00e9 du Canada ;&nbsp;<\/li>\n\n\n\n<li>Soutenir les personnes ayant diverses incapacit\u00e9s et renforcer leurs capacit\u00e9s en les impliquant de mani\u00e8re participative, en leur fournissant des allocations ad\u00e9quates pour reconna\u00eetre leurs contributions \u00e0 l&rsquo;\u00e9tude et en engageant de pr\u00e9f\u00e9rence des \u00e9tudiants ayant des incapacit\u00e9s pour participer au projet ;<\/li>\n\n\n\n<li>Sensibiliser l&rsquo;ensemble de la communaut\u00e9 aux besoins des personnes ayant des incapacit\u00e9s en mati\u00e8re de parcs.&nbsp;<\/li>\n<\/ol>\n\n\n\n<h2 class=\"wp-block-heading\">Impacts<\/h2>\n\n\n\n<p>En faisant participer les personnes ayant des incapacit\u00e9s \u00e0 l&rsquo;identification et \u00e0 l&rsquo;\u00e9laboration de normes pour les parcs, nous faciliterons l&rsquo;accessibilit\u00e9 inclusive pour le plus large \u00e9ventail d&rsquo;utilisateurs. Ainsi, nous envisageons que cette recherche rendra les parcs plus accessibles, ce qui permettra un meilleur acc\u00e8s aux personnes ayant des incapacit\u00e9s, \u00e0 celles qui les accompagnent ainsi qu&rsquo;\u00e0 d&rsquo;autres personnes (par exemple, les adultes plus \u00e2g\u00e9s, les enfants, les parents utilisant des poussettes). Rendre les parcs plus inclusifs am\u00e9liorera en fin de compte la qualit\u00e9 de vie des personnes ayant des incapacit\u00e9s et de ceux qui les accompagnent (par exemple, les familles, les amis et les soignants).&nbsp;&nbsp;<\/p>\n","protected":false},"excerpt":{"rendered":"<p>L&rsquo;objectif primordial de ce projet participatif est de rendre les parcs plus accessibles en am\u00e9liorant les normes d&rsquo;accessibilit\u00e9, ce qui est l&rsquo;un des domaines prioritaires pour 2020 \u00e0 2021 du programme de subventions et de contributions des Normes d&rsquo;accessibilit\u00e9 du Canada.&nbsp; Objectifs Impacts En faisant participer les personnes ayant des incapacit\u00e9s \u00e0 l&rsquo;identification et \u00e0<a class=\"more-link\" href=\"https:\/\/parkaccessforall.ca\/fr\/pourquoi-faire-cette-recherche\/\">Continue reading <span class=\"screen-reader-text\">\u00ab\u00a0Pourquoi faire cette recherche ?\u00a0\u00bb<\/span><\/a><\/p>\n","protected":false},"author":8,"featured_media":0,"parent":0,"menu_order":0,"comment_status":"closed","ping_status":"closed","template":"","meta":{"footnotes":""},"class_list":["post-662","page","type-page","status-publish","hentry","entry"],"_links":{"self":[{"href":"https:\/\/parkaccessforall.ca\/fr\/wp-json\/wp\/v2\/pages\/662","targetHints":{"allow":["GET"]}}],"collection":[{"href":"https:\/\/parkaccessforall.ca\/fr\/wp-json\/wp\/v2\/pages"}],"about":[{"href":"https:\/\/parkaccessforall.ca\/fr\/wp-json\/wp\/v2\/types\/page"}],"author":[{"embeddable":true,"href":"https:\/\/parkaccessforall.ca\/fr\/wp-json\/wp\/v2\/users\/8"}],"replies":[{"embeddable":true,"href":"https:\/\/parkaccessforall.ca\/fr\/wp-json\/wp\/v2\/comments?post=662"}],"version-history":[{"count":4,"href":"https:\/\/parkaccessforall.ca\/fr\/wp-json\/wp\/v2\/pages\/662\/revisions"}],"predecessor-version":[{"id":919,"href":"https:\/\/parkaccessforall.ca\/fr\/wp-json\/wp\/v2\/pages\/662\/revisions\/919"}],"wp:attachment":[{"href":"https:\/\/parkaccessforall.ca\/fr\/wp-json\/wp\/v2\/media?parent=662"}],"curies":[{"name":"wp","href":"https:\/\/api.w.org\/{rel}","templated":true}]}}