{"id":67,"date":"2021-08-31T09:57:06","date_gmt":"2021-08-31T13:57:06","guid":{"rendered":"https:\/\/parkaccessforall.ca\/?page_id=67"},"modified":"2023-05-28T12:59:13","modified_gmt":"2023-05-28T19:59:13","slug":"qui-nous-sommes","status":"publish","type":"page","link":"https:\/\/parkaccessforall.ca\/fr\/qui-nous-sommes\/","title":{"rendered":"Qui nous sommes"},"content":{"rendered":"\n<h2 class=\"wp-block-heading\"><strong>Chercheur principal<\/strong><\/h2>\n\n\n\n<p>Dr Ben Mortenson, D\u00e9partement des sciences du travail et de l&rsquo;ergoth\u00e9rapie, Universit\u00e9 de la Colombie-Britannique (UBC)<\/p>\n\n\n\n<h2 class=\"wp-block-heading\"><strong>Co-chercheurs<\/strong><\/h2>\n\n\n\n<p>Dr William Miller, Universit\u00e9 de la Colombie-Britannique (UBC)<br>Dr. Atiya Mahmood, Universit\u00e9 Simon Fraser<br>Dr. Marie Grandisson, Universit\u00e9 Laval<br>Dr Fran\u00e7ois Routhier, Universit\u00e9 Laval<br>Dr Mir Abofazl Mostafavi, Universit\u00e9 Laval<br>Dre Jaimie Borisoff, UBC et BCIT<br>Dre Delphine Labb\u00e9, Universit\u00e9 de l&rsquo;Illinois \u00e0 Chicago<br>Dr Ernesto Morales, Universit\u00e9 Laval<br>Dre Julie Robillard, UBC<br>Dre Alfiya Battalova, UBC<br>Dre Krista Best, Universit\u00e9 Laval<br>Dre Laura Bulk, UBC<br>Dr Mike Prescott, Universit\u00e9 Laval<br>Dr Bonnie Sawatzky, UBC<br>Maria Jose Aguilar Carrasco, UBC<\/p>\n\n\n\n<p><\/p>\n\n\n\n<p><strong>Commanditaire<\/strong><\/p>\n\n\n\n<p>Cette \u00e9tude est financ\u00e9e par les Normes d&rsquo;accessibilit\u00e9 du Canada (NAC).&nbsp;<\/p>\n","protected":false},"excerpt":{"rendered":"<p>Chercheur principal Dr Ben Mortenson, D\u00e9partement des sciences du travail et de l&rsquo;ergoth\u00e9rapie, Universit\u00e9 de la Colombie-Britannique (UBC) Co-chercheurs Dr William Miller, Universit\u00e9 de la Colombie-Britannique (UBC)Dr. Atiya Mahmood, Universit\u00e9 Simon FraserDr. Marie Grandisson, Universit\u00e9 LavalDr Fran\u00e7ois Routhier, Universit\u00e9 LavalDr Mir Abofazl Mostafavi, Universit\u00e9 LavalDre Jaimie Borisoff, UBC et BCITDre Delphine Labb\u00e9, Universit\u00e9 de l&rsquo;Illinois<a class=\"more-link\" href=\"https:\/\/parkaccessforall.ca\/fr\/qui-nous-sommes\/\">Continue reading <span class=\"screen-reader-text\">\u00ab\u00a0Qui nous sommes\u00a0\u00bb<\/span><\/a><\/p>\n","protected":false},"author":1,"featured_media":0,"parent":0,"menu_order":0,"comment_status":"closed","ping_status":"closed","template":"","meta":{"footnotes":""},"class_list":["post-67","page","type-page","status-publish","hentry","entry"],"_links":{"self":[{"href":"https:\/\/parkaccessforall.ca\/fr\/wp-json\/wp\/v2\/pages\/67","targetHints":{"allow":["GET"]}}],"collection":[{"href":"https:\/\/parkaccessforall.ca\/fr\/wp-json\/wp\/v2\/pages"}],"about":[{"href":"https:\/\/parkaccessforall.ca\/fr\/wp-json\/wp\/v2\/types\/page"}],"author":[{"embeddable":true,"href":"https:\/\/parkaccessforall.ca\/fr\/wp-json\/wp\/v2\/users\/1"}],"replies":[{"embeddable":true,"href":"https:\/\/parkaccessforall.ca\/fr\/wp-json\/wp\/v2\/comments?post=67"}],"version-history":[{"count":5,"href":"https:\/\/parkaccessforall.ca\/fr\/wp-json\/wp\/v2\/pages\/67\/revisions"}],"predecessor-version":[{"id":842,"href":"https:\/\/parkaccessforall.ca\/fr\/wp-json\/wp\/v2\/pages\/67\/revisions\/842"}],"wp:attachment":[{"href":"https:\/\/parkaccessforall.ca\/fr\/wp-json\/wp\/v2\/media?parent=67"}],"curies":[{"name":"wp","href":"https:\/\/api.w.org\/{rel}","templated":true}]}}