{"id":73,"date":"2021-08-31T09:59:55","date_gmt":"2021-08-31T13:59:55","guid":{"rendered":"https:\/\/parkaccessforall.ca\/?page_id=73"},"modified":"2023-09-27T14:29:23","modified_gmt":"2023-09-27T21:29:23","slug":"nos-projets","status":"publish","type":"page","link":"https:\/\/parkaccessforall.ca\/fr\/nos-projets\/","title":{"rendered":"Notre recherche"},"content":{"rendered":"\n<p>Les parcs nationaux du Canada offrent aux Canadiens, et \u00e0 des millions de visiteurs de partout dans le monde, l&rsquo;occasion de d\u00e9couvrir des merveilles naturelles et des activit\u00e9s diversifi\u00e9es. Cependant, pour pr\u00e8s d&rsquo;un quart de tous les Canadiens qui ont des incapacit\u00e9s, les difficult\u00e9s d&rsquo;accessibilit\u00e9 peuvent limiter leur capacit\u00e9 \u00e0 participer.<\/p>\n\n\n\n<p>Pour relever ce d\u00e9fi, nous travaillons avec des personnes ayant des incapacit\u00e9s ainsi que Parcs Canada afin de classer par ordre de priorit\u00e9 les normes existantes et celles nouvelles \u00e0 mettre en \u0153uvre dans le cadre de la Loi sur l&rsquo;accessibilit\u00e9 du Canada. <\/p>\n\n\n\n<p>Notre rapport de recherche final est maintenant disponible au t\u00e9l\u00e9chargement en <a href=\"https:\/\/parkaccessforall.ca\/wp-content\/uploads\/2023\/09\/PARCOURS-Rapport-final-francais.pdf\">fran\u00e7ais<\/a> et en <a href=\"https:\/\/parkaccessforall.ca\/wp-content\/uploads\/2023\/09\/PARCOURS-Final-Report-English.pd\">anglais<\/a> !<\/p>\n\n\n\n<p><\/p>\n\n\n\n<p>L&rsquo;objectif du projet PARCOURS \u00e9tait de fournir des informations pour l\u2019\u00e9laboration de normes nationales pour les parcs au Canada. Les activit\u00e9s de recherche comprenaient un examen de la port\u00e9e des normes internationales, une \u00e9valuation de l&rsquo;accessibilit\u00e9 des conditions existantes dans des parcs, des entretiens men\u00e9s aupr\u00e8s de personnes ayant des incapacit\u00e9s (n = 79) et une enqu\u00eate men\u00e9e aupr\u00e8s d&rsquo;un groupe d&rsquo;experts vivant dans tout le Canada (n = 149 participants). <\/p>\n\n\n\n<p>Les r\u00e9sultats sugg\u00e8rent que certaines normes existantes peuvent \u00eatre ad\u00e9quates en offrant le niveau minimum d&rsquo;accessibilit\u00e9 qui r\u00e9pondra aux besoins de la plupart des personnes ayant des incapacit\u00e9s. Toutefois, plusieurs autres normes pr\u00e9sentent des lacunes alors que d&rsquo;autres normes devront \u00eatre \u00e9labor\u00e9es puisque n\u00e9cessaires et non existantes \u00e0 l&rsquo;heure actuelle. Ces normes peuvent \u00eatre utilis\u00e9es pour promouvoir la conception et la gestion de parcs s\u00e9curitaires, accessibles et agr\u00e9ables pour les personnes ayant des incapacit\u00e9s.<\/p>\n\n\n\n<p>Ce rapport int\u00e8gre des donn\u00e9es qualitatives et quantitatives afin de formuler des recommandations pour l\u2019ensemble des \u00e9l\u00e9ments du parcours d\u2019un visiteur d\u2019un parc&nbsp;: la planification, le transport et l&rsquo;arriv\u00e9e, les sentiers et l&rsquo;orientation ainsi que les activit\u00e9s du parc. Nous recommandons \u00e9galement qu\u2019une \u00e9valuation plus strat\u00e9gique du parcours des visiteurs pour chaque parc devrait \u00eatre soit entreprise en collaboration avec des personnes ayant des incapacit\u00e9s. <\/p>\n\n\n\n<p>En hi\u00e9rarchisant les biens accessibles d&rsquo;un parc, les gestionnaires peuvent appliquer les normes de mani\u00e8re \u00e0 maximiser le retour sur investissement pour atteindre les objectifs de l\u2019organisation en mati\u00e8re d&rsquo;accessibilit\u00e9. Ultimement, cette approche peut \u00eatre adopt\u00e9e par les organisations provinciales, r\u00e9gionales et municipales afin d&rsquo;harmoniser l&rsquo;exp\u00e9rience du parc pour tous les visiteurs, y compris les personnes ayant des incapacit\u00e9s.<\/p>\n","protected":false},"excerpt":{"rendered":"<p>Les parcs nationaux du Canada offrent aux Canadiens, et \u00e0 des millions de visiteurs de partout dans le monde, l&rsquo;occasion de d\u00e9couvrir des merveilles naturelles et des activit\u00e9s diversifi\u00e9es. Cependant, pour pr\u00e8s d&rsquo;un quart de tous les Canadiens qui ont des incapacit\u00e9s, les difficult\u00e9s d&rsquo;accessibilit\u00e9 peuvent limiter leur capacit\u00e9 \u00e0 participer. Pour relever ce d\u00e9fi,<a class=\"more-link\" href=\"https:\/\/parkaccessforall.ca\/fr\/nos-projets\/\">Continue reading <span class=\"screen-reader-text\">\u00ab\u00a0Notre recherche\u00a0\u00bb<\/span><\/a><\/p>\n","protected":false},"author":1,"featured_media":0,"parent":0,"menu_order":0,"comment_status":"closed","ping_status":"closed","template":"","meta":{"footnotes":""},"class_list":["post-73","page","type-page","status-publish","hentry","entry"],"_links":{"self":[{"href":"https:\/\/parkaccessforall.ca\/fr\/wp-json\/wp\/v2\/pages\/73","targetHints":{"allow":["GET"]}}],"collection":[{"href":"https:\/\/parkaccessforall.ca\/fr\/wp-json\/wp\/v2\/pages"}],"about":[{"href":"https:\/\/parkaccessforall.ca\/fr\/wp-json\/wp\/v2\/types\/page"}],"author":[{"embeddable":true,"href":"https:\/\/parkaccessforall.ca\/fr\/wp-json\/wp\/v2\/users\/1"}],"replies":[{"embeddable":true,"href":"https:\/\/parkaccessforall.ca\/fr\/wp-json\/wp\/v2\/comments?post=73"}],"version-history":[{"count":6,"href":"https:\/\/parkaccessforall.ca\/fr\/wp-json\/wp\/v2\/pages\/73\/revisions"}],"predecessor-version":[{"id":920,"href":"https:\/\/parkaccessforall.ca\/fr\/wp-json\/wp\/v2\/pages\/73\/revisions\/920"}],"wp:attachment":[{"href":"https:\/\/parkaccessforall.ca\/fr\/wp-json\/wp\/v2\/media?parent=73"}],"curies":[{"name":"wp","href":"https:\/\/api.w.org\/{rel}","templated":true}]}}