{"id":75,"date":"2021-08-31T10:05:22","date_gmt":"2021-08-31T14:05:22","guid":{"rendered":"https:\/\/parkaccessforall.ca\/?page_id=75"},"modified":"2022-07-08T07:26:28","modified_gmt":"2022-07-08T14:26:28","slug":"partenaires-municipaux","status":"publish","type":"page","link":"https:\/\/parkaccessforall.ca\/fr\/partenaires-municipaux\/","title":{"rendered":"Partenaires"},"content":{"rendered":"\n<ul class=\"wp-block-list\"><li>March of Dimes Canada;<\/li><li>Council of Canadians with Disabilities (CCD);<\/li><li>Alliance for Equality of Blind Canadians (AEBC);<\/li><li>Park People;<\/li><li>Association qu\u00e9b\u00e9coise pour le loisir des personnes handicap\u00e9es (AQLPH); <\/li><li>Association r\u00e9gionale pour le loisir des personnes handicap\u00e9es de la Capitale-Nationale (ARLPH);<\/li><li>Regroupement des organismes de personnes handicap\u00e9es de la r\u00e9gion 03 (ROP-03);<\/li><li>K\u00e9roul (un organisme sans but lucratif vou\u00e9 au d\u00e9veloppement d&rsquo;installations et d&rsquo;activit\u00e9s touristiques et culturelles accessibles aux personnes \u00e0 mobilit\u00e9 r\u00e9duite au Qu\u00e9bec);<\/li><li>Alzheimer Society of BC;<\/li><li>Regroupement des personnes handicap\u00e9es visuelles (R\u00e9gions 03-12) RPHV.<\/li><\/ul>\n","protected":false},"excerpt":{"rendered":"<p>March of Dimes Canada; Council of Canadians with Disabilities (CCD); Alliance for Equality of Blind Canadians (AEBC); Park People; Association qu\u00e9b\u00e9coise pour le loisir des personnes handicap\u00e9es (AQLPH); Association r\u00e9gionale pour le loisir des personnes handicap\u00e9es de la Capitale-Nationale (ARLPH); Regroupement des organismes de personnes handicap\u00e9es de la r\u00e9gion 03 (ROP-03); K\u00e9roul (un organisme sans<a class=\"more-link\" href=\"https:\/\/parkaccessforall.ca\/fr\/partenaires-municipaux\/\">Continue reading <span class=\"screen-reader-text\">\u00ab\u00a0Partenaires\u00a0\u00bb<\/span><\/a><\/p>\n","protected":false},"author":1,"featured_media":0,"parent":0,"menu_order":0,"comment_status":"closed","ping_status":"closed","template":"","meta":{"footnotes":""},"class_list":["post-75","page","type-page","status-publish","hentry","entry"],"_links":{"self":[{"href":"https:\/\/parkaccessforall.ca\/fr\/wp-json\/wp\/v2\/pages\/75","targetHints":{"allow":["GET"]}}],"collection":[{"href":"https:\/\/parkaccessforall.ca\/fr\/wp-json\/wp\/v2\/pages"}],"about":[{"href":"https:\/\/parkaccessforall.ca\/fr\/wp-json\/wp\/v2\/types\/page"}],"author":[{"embeddable":true,"href":"https:\/\/parkaccessforall.ca\/fr\/wp-json\/wp\/v2\/users\/1"}],"replies":[{"embeddable":true,"href":"https:\/\/parkaccessforall.ca\/fr\/wp-json\/wp\/v2\/comments?post=75"}],"version-history":[{"count":5,"href":"https:\/\/parkaccessforall.ca\/fr\/wp-json\/wp\/v2\/pages\/75\/revisions"}],"predecessor-version":[{"id":697,"href":"https:\/\/parkaccessforall.ca\/fr\/wp-json\/wp\/v2\/pages\/75\/revisions\/697"}],"wp:attachment":[{"href":"https:\/\/parkaccessforall.ca\/fr\/wp-json\/wp\/v2\/media?parent=75"}],"curies":[{"name":"wp","href":"https:\/\/api.w.org\/{rel}","templated":true}]}}