{"id":79,"date":"2021-08-31T10:07:10","date_gmt":"2021-08-31T14:07:10","guid":{"rendered":"https:\/\/parkaccessforall.ca\/?page_id=79"},"modified":"2023-09-27T14:15:43","modified_gmt":"2023-09-27T21:15:43","slug":"nous-contacter","status":"publish","type":"page","link":"https:\/\/parkaccessforall.ca\/fr\/nous-contacter\/","title":{"rendered":"Contactez-nous"},"content":{"rendered":"\n<p>Int\u00e9ress\u00e9 par l&rsquo;\u00e9tude ? Veuillez envoyer un courriel \u00e0 <strong>mortenson.lab[at]ubc.ca<\/strong><\/p>\n\n\n\n<p><\/p>\n","protected":false},"excerpt":{"rendered":"<p>Int\u00e9ress\u00e9 par l&rsquo;\u00e9tude ? Veuillez envoyer un courriel \u00e0 mortenson.lab[at]ubc.ca<\/p>\n","protected":false},"author":1,"featured_media":0,"parent":0,"menu_order":0,"comment_status":"closed","ping_status":"closed","template":"","meta":{"footnotes":""},"class_list":["post-79","page","type-page","status-publish","hentry","entry"],"_links":{"self":[{"href":"https:\/\/parkaccessforall.ca\/fr\/wp-json\/wp\/v2\/pages\/79","targetHints":{"allow":["GET"]}}],"collection":[{"href":"https:\/\/parkaccessforall.ca\/fr\/wp-json\/wp\/v2\/pages"}],"about":[{"href":"https:\/\/parkaccessforall.ca\/fr\/wp-json\/wp\/v2\/types\/page"}],"author":[{"embeddable":true,"href":"https:\/\/parkaccessforall.ca\/fr\/wp-json\/wp\/v2\/users\/1"}],"replies":[{"embeddable":true,"href":"https:\/\/parkaccessforall.ca\/fr\/wp-json\/wp\/v2\/comments?post=79"}],"version-history":[{"count":8,"href":"https:\/\/parkaccessforall.ca\/fr\/wp-json\/wp\/v2\/pages\/79\/revisions"}],"predecessor-version":[{"id":914,"href":"https:\/\/parkaccessforall.ca\/fr\/wp-json\/wp\/v2\/pages\/79\/revisions\/914"}],"wp:attachment":[{"href":"https:\/\/parkaccessforall.ca\/fr\/wp-json\/wp\/v2\/media?parent=79"}],"curies":[{"name":"wp","href":"https:\/\/api.w.org\/{rel}","templated":true}]}}